{"id":2059,"date":"2023-11-06T21:47:23","date_gmt":"2023-11-06T20:47:23","guid":{"rendered":"https:\/\/basiaijafundacja.org\/stiftung-basia-und-ich\/mission\/"},"modified":"2023-11-06T21:47:23","modified_gmt":"2023-11-06T20:47:23","slug":"mission","status":"publish","type":"page","link":"https:\/\/basiaijafundacja.org\/de\/stiftung-basia-und-ich\/mission\/","title":{"rendered":"Mission"},"content":{"rendered":"<p><span style=\"font-size: 14pt;\"><em><strong>Wir alle sind zu gro\u00dfen Taten f\u00e4hig<br \/>\n<\/strong><\/em>&#8211; Jan Rybak \u2013 Gr\u00fcnder und Pr\u00e4sident der Stiftung<\/span><\/p>\n<p><strong>Mission der Stiftung &#8222;Basia und Ich&#8220;<\/strong><\/p>\n<p>\u201eJeder von uns kann etwas Gro\u00dfes tun\u201c \u2013 das sind die Worte von Jan Rybak, der die Stiftung \u201eBasia und Ich\u201c gr\u00fcndete. Wir m\u00f6chten, dass jeder versteht, dass selbst eine kleine Geste einen gro\u00dfen Unterschied machen kann.<\/p>\n<p><strong>Unsere Aktivit\u00e4ten konzentrieren sich auf:<\/strong><\/p>\n<ul>\n<li><strong>F\u00fcrsorge f\u00fcr Kinder:<\/strong> Wir geben Kindern die Chance auf ein gesundes und sicheres Aufwachsen. Wir helfen ihnen, Fallen wie Alkohol oder Drogen zu vermeiden, und ermutigen sie, Interessen zu entwickeln, die ihr Leben mit Leidenschaft und Freude erf\u00fcllen.<\/li>\n<li><strong>Bildung \u00fcber die Natur:<\/strong> Wir lehren Kinder, wie wichtig es ist, sich um unsere kleineren Br\u00fcder \u2013 die Tiere \u2013 zu k\u00fcmmern. Durch die Zusammenarbeit mit der Stiftung \u201eHerz der Welt\u201c zeigen wir, wie viel Gutes aus der Freundschaft zwischen Mensch und Tier entstehen kann.<\/li>\n<li><strong>Hilfe f\u00fcr kranke Kinder:<\/strong> Wir bieten medizinische Unterst\u00fctzung f\u00fcr diejenigen, die gegen Krankheiten k\u00e4mpfen. Jedes Kind verdient eine Chance, und wir tun alles in unserer Macht Stehende, um sie in jedem Schritt zu unterst\u00fctzen.<\/li>\n<\/ul>\n<p>&nbsp;<\/p>\n<p><strong>Wie kannst du helfen?<\/strong><\/p>\n<ul>\n<li><strong>Finanzielle Unterst\u00fctzung: <\/strong>Jeder Cent z\u00e4hlt und hilft uns, dorthin zu gelangen, wo wir am meisten gebraucht werden.<\/li>\n<li><strong>Ehrenamt:<\/strong> Wenn du Zeit und Lust hast, kannst du zu uns kommen und direkt helfen.<\/li>\n<li><strong>Zusammenarbeit:<\/strong> Wenn deine Firma oder Organisation mit uns zusammenarbeiten m\u00f6chte, laden wir zur Partnerschaft ein.<\/li>\n<\/ul>\n<p><strong>Schlie\u00dfe dich uns an!<\/strong> Gemeinsam k\u00f6nnen wir mehr erreichen. Jede Geste, jedes gute Wort, jeder gewidmete Moment kann die Welt zu einem besseren Ort machen. Warte nicht, handle heute mit uns!<\/p>\n","protected":false},"excerpt":{"rendered":"<p>Wir alle sind zu gro\u00dfen Taten f\u00e4hig &#8211; Jan Rybak \u2013 Gr\u00fcnder und Pr\u00e4sident der Stiftung Mission der Stiftung &#8222;Basia und Ich&#8220; \u201eJeder von uns kann etwas Gro\u00dfes tun\u201c \u2013 das sind die Worte von Jan Rybak, der die Stiftung \u201eBasia und Ich\u201c gr\u00fcndete. Wir m\u00f6chten, dass jeder versteht, dass selbst eine kleine Geste einen [&hellip;]<\/p>\n","protected":false},"author":1,"featured_media":0,"parent":2043,"menu_order":0,"comment_status":"closed","ping_status":"closed","template":"","meta":{"_monsterinsights_skip_tracking":false,"_monsterinsights_sitenote_active":false,"_monsterinsights_sitenote_note":"","_monsterinsights_sitenote_category":0,"footnotes":""},"class_list":["post-2059","page","type-page","status-publish","hentry"],"acf":[],"aioseo_notices":[],"_links":{"self":[{"href":"https:\/\/basiaijafundacja.org\/de\/wp-json\/wp\/v2\/pages\/2059","targetHints":{"allow":["GET"]}}],"collection":[{"href":"https:\/\/basiaijafundacja.org\/de\/wp-json\/wp\/v2\/pages"}],"about":[{"href":"https:\/\/basiaijafundacja.org\/de\/wp-json\/wp\/v2\/types\/page"}],"author":[{"embeddable":true,"href":"https:\/\/basiaijafundacja.org\/de\/wp-json\/wp\/v2\/users\/1"}],"replies":[{"embeddable":true,"href":"https:\/\/basiaijafundacja.org\/de\/wp-json\/wp\/v2\/comments?post=2059"}],"version-history":[{"count":0,"href":"https:\/\/basiaijafundacja.org\/de\/wp-json\/wp\/v2\/pages\/2059\/revisions"}],"up":[{"embeddable":true,"href":"https:\/\/basiaijafundacja.org\/de\/wp-json\/wp\/v2\/pages\/2043"}],"wp:attachment":[{"href":"https:\/\/basiaijafundacja.org\/de\/wp-json\/wp\/v2\/media?parent=2059"}],"curies":[{"name":"wp","href":"https:\/\/api.w.org\/{rel}","templated":true}]}}