{"id":2048,"date":"2023-10-20T10:20:44","date_gmt":"2023-10-20T08:20:44","guid":{"rendered":"https:\/\/basiaijafundacja.org\/unsere-arbeit\/veranstaltungen-an-der-manom-schule-in-frankreich-2021\/"},"modified":"2023-11-22T20:06:40","modified_gmt":"2023-11-22T19:06:40","slug":"veranstaltungen-an-der-manom-schule-in-frankreich-2021","status":"publish","type":"page","link":"https:\/\/basiaijafundacja.org\/de\/unsere-arbeit\/veranstaltungen-an-der-manom-schule-in-frankreich-2021\/","title":{"rendered":"Veranstaltungen an der Manom Schule in Frankreich 2021"},"content":{"rendered":"<p>Momente der Bewunderung und Freude &#8211; genau diese Gef\u00fchle begleiteten die Kinder w\u00e4hrend der Flugshows an der Manom Schule in Frankreich im Jahr 2021. Diese Fotos haben einzigartige Augenblicke eingefangen, als junge Augen sich in Staunen weiteten und Gesichter in Bewunderung strahlten. Die konzentriert versammelten Kinder beobachteten die Fl\u00fcge von Flugzeugmodellen, die mit Anmut den Himmel durchquerten und einen Ballett aus Segeln und Fl\u00fcgeln in der Luft malten. Jedes Kind hatte die Gelegenheit, sich wie ein Pilot zu f\u00fchlen, indem es die Man\u00f6ver der ferngesteuerten Modelle verfolgte, die sie f\u00fcr einen Moment in eine andere Welt versetzten &#8211; eine Welt der Technologie, Wissenschaft und unendlichen M\u00f6glichkeiten. Diese Fotos sind mehr als nur eine Dokumentation des Ereignisses; sie spiegeln eine Leidenschaft wider, die junge K\u00f6pfe zum Tr\u00e4umen anregen und sie dazu inspirieren kann, die Geheimnisse fliegender Maschinen zu erforschen.<\/p>\n<div id=\"wondergridgallerylightbox_options_8\" data-skinsfoldername=\"skins\/default\/\"  data-jsfolder=\"https:\/\/basiaijafundacja.org\/wp-content\/plugins\/wonderplugin-gridgallery\/engine\/\" style=\"display:none;\"><\/div>\r\n<div class=\"wonderplugingridgallery\" id=\"wonderplugingridgallery-8\" data-gridgalleryid=\"8\" data-width=\"320\" data-height=\"240\" data-skin=\"tiles\" data-style=\"classic\" data-categorylist=\"[{&quot;slug&quot;:&quot;all&quot;,&quot;caption&quot;:&quot;Show All&quot;}]\" data-mediumgridsize=\"false\" data-smallgridsize=\"false\" data-applylinktotext=\"false\" data-fullwidth=\"false\" data-fullwidthsamegrid=\"false\" data-supportshortcode=\"false\" data-donotzoomin=\"false\" data-enabletabindex=\"false\" data-masonrymode=\"false\" data-random=\"false\" data-shownavigation=\"true\" data-shownavcontrol=\"true\" data-hidenavdefault=\"false\" data-nohoverontouchscreen=\"false\" data-hoverzoomin=\"true\" data-hoverzoominimageonly=\"true\" data-hoverzoominimagecenter=\"true\" data-hoverfade=\"false\" data-responsive=\"true\" data-mediumscreen=\"true\" data-smallscreen=\"true\" data-showtitle=\"true\" data-showtexttitle=\"true\" data-showtextdescription=\"false\" data-showtextbutton=\"false\" data-overlaylink=\"true\" data-donotaddtext=\"false\" data-lightboxnogroup=\"false\" data-lightboxcategorygroup=\"false\" data-justifymode=\"false\" data-donotjustifylastrowifoverlimit=\"false\" data-donotjustifyifonlyonerowandoverlimit=\"true\" data-limitjustifymaxheight=\"true\" data-usetemplatefortextoverlay=\"true\" data-usetemplateforgrid=\"false\" data-deferloading=\"false\" data-lightboxshowallcategories=\"false\" data-lightboxshowtitle=\"true\" data-lightboxshowdescription=\"false\" data-lightboxaddsocialmedia=\"false\" data-lightboxresponsive=\"true\" data-centerimage=\"true\" data-circularimage=\"false\" data-firstimage=\"false\" data-textinsidespace=\"false\" data-donotinit=\"false\" data-addinitscript=\"false\" data-lightboxshowsocial=\"false\" data-lightboxshowemail=\"false\" data-lightboxshowfacebook=\"true\" data-lightboxshowtwitter=\"true\" data-lightboxshowpinterest=\"true\" data-lightboxshowdownload=\"false\" data-lightboxshowwhatsapp=\"false\" data-lightboxshowtelegram=\"false\" data-lightboxsocialrotateeffect=\"true\" data-lightboxenablehtml5poster=\"false\" data-lightboxenableaudio=\"false\" data-lightboxaudioautoplay=\"true\" data-lightboxaudioloop=\"true\" data-lightboxaudioshowonhover=\"true\" data-categorymulticatand=\"false\" data-categoryshow=\"false\" data-categoryhideall=\"false\" data-categorymulticat=\"false\" data-categoryatleastone=\"false\" data-addvideoplaybutton=\"true\" data-lightboxfullscreenmode=\"false\" data-lightboxcloseonoverlay=\"true\" data-lightboxvideohidecontrols=\"false\" data-lightboxfullscreentextoutside=\"true\" data-lightboxfullscreenmodeonsmallscreen=\"false\" data-lightboxfullscreentextinside=\"false\" data-triggerresizeafterinit=\"false\" data-removeinlinecss=\"true\" data-lightboxinityoutube=\"true\" data-lightboxinitvimeo=\"true\" data-lightboxresponsivebarheight=\"false\" data-lightboxnotkeepratioonsmallheight=\"false\" data-lazyloadimages=\"true\" data-triggerresize=\"false\" data-loadallremaining=\"false\" data-lightboxautoslide=\"false\" data-lightboxshowtimer=\"true\" data-lightboxshowplaybutton=\"true\" data-lightboxalwaysshownavarrows=\"false\" data-lightboxshowtitleprefix=\"true\" data-smallimgheightpercent=\"100\" data-mediumimgheightpercent=\"100\" data-imgheightpercent=\"100\" data-smallimgwidthpercent=\"100\" data-mediumimgwidthpercent=\"100\" data-imgwidthpercent=\"100\" data-mediumwidth=\"320\" data-mediumheight=\"240\" data-smallwidth=\"320\" data-smallheight=\"240\" data-thumbwidth=\"90\" data-thumbheight=\"60\" data-thumbtopmargin=\"12\" data-thumbbottommargin=\"4\" data-barheight=\"64\" data-titlebottomcss=\"color:#333; font-size:14px; font-family:Armata,sans-serif,Arial; overflow:hidden; text-align:left;\" data-descriptionbottomcss=\"color:#333; font-size:12px; font-family:Arial,Helvetica,sans-serif; overflow:hidden; text-align:left; margin:4px 0px 0px; padding: 0px;\" data-googleanalyticsaccount=\"\" data-ga4account=\"\" data-gap=\"4\" data-margin=\"0\" data-borderradius=\"0\" data-justifymaxheight=\"1\" data-hoverzoominvalue=\"24\" data-hoverzoominduration=\"180\" data-hoverzoominimagescale=\"1.1\" data-hoverzoominimageduration=\"360\" data-hoverfadeopacity=\"0.8\" data-hoverfadeduration=\"300\" data-videoplaybutton=\"playvideo-64-64-0.png\" data-column=\"4\" data-mediumcolumn=\"3\" data-mediumscreensize=\"800\" data-smallcolumn=\"2\" data-smallscreensize=\"600\" data-titlemode=\"mouseover\" data-titleeffect=\"slide\" data-titleeffectduration=\"300\" data-titleheight=\"0\" data-scalemode=\"fill\" data-lightboxbgcolor=\"#fff\" data-lightboxoverlaybgcolor=\"#000\" data-lightboxoverlayopacity=\"0.9\" data-navbgcolor=\"rgba(0,0,0,0.2)\" data-deferloadingdelay=\"0\" data-categoryposition=\"topleft\" data-categorystyle=\"wpp-category-greybutton\" data-categorydefault=\"all\" data-verticalcategorysmallscreenwidth=\"480\" data-triggerresizedelay=\"500\" data-triggerresizeafterinitdelay=\"500\" data-lightboxfullscreensmallscreenwidth=\"800\" data-lightboxbordertopmargin=\"48\" data-lightboxbordertopmarginsmall=\"36\" data-lightboxresizespeed=\"400\" data-lightboxfadespeed=\"0\" data-lightboxtransition=\"none\" data-lightboxtransitionduration=\"400\" data-lightboxaudiofile=\"\" data-lightboxsocialposition=\"position:absolute;top:100%;right:0;\" data-lightboxsocialpositionsmallscreen=\"position:absolute;top:100%;right:0;left:0;\" data-lightboxsocialdirection=\"horizontal\" data-lightboxsocialbuttonsize=\"32\" data-lightboxsocialbuttonfontsize=\"18\" data-lightboxtitlestyle=\"bottom\" data-lightboximagepercentage=\"75\" data-lightboxdefaultvideovolume=\"1\" data-lightboxtitleprefix=\"%NUM \/ %TOTAL\" data-lightboxtitleinsidecss=\"color:#fff; font-size:16px; font-family:Arial,Helvetica,sans-serif; overflow:hidden; text-align:left;\" data-lightboxdescriptioninsidecss=\"color:#fff; font-size:12px; font-family:Arial,Helvetica,sans-serif; overflow:hidden; text-align:left; margin:4px 0px 0px; padding: 0px;\" data-lightboxfullscreentitlebottomcss=\"color:#fff; font-size:16px; font-family:Arial,Helvetica,sans-serif; overflow:hidden; text-align:left; margin:4px 8px 8px;\" data-lightboxfullscreendescriptionbottomcss=\"color:#fff; font-size:12px; font-family:Arial,Helvetica,sans-serif; overflow:hidden; text-align:left; margin:4px 0px 0px; padding: 0px;\" data-lightboxsmallscreenheight=\"415\" data-lightboxbarheightonsmallheight=\"64\" data-lazyloadmode=\"none\" data-itemsperpage=\"12\" data-loadmorecaption=\"Load More\" data-loadmorecssstyle=\"wpp-loadmore-greybutton\" data-paginationcssstyle=\"wpp-pagination-greybutton\" data-paginationpos=\"bottom\" data-lightboxenteranimation=\"\" data-lightboxexitanimation=\"\" data-lightboxnavarrowspos=\"inside\" data-lightboxslideinterval=\"5000\" data-lightboxtimerposition=\"bottom\" data-lightboxtimercolor=\"#dc572e\" data-lightboxtimeropacity=\"1\" data-lightboxbordersize=\"8\" data-lightboxborderradius=\"0\" data-categoryregulardropdown=\"false\" data-jsfolder=\"https:\/\/basiaijafundacja.org\/wp-content\/plugins\/wonderplugin-gridgallery\/engine\/\" data-skinsfoldername=\"skins\/default\/\" style=\"display:none;position:relative;margin:0 auto;width:100%;max-width:1292px;\" ><div class=\"wonderplugin-gridgallery-list\" style=\"display:block;position:relative;max-width:100%;margin:0 auto;\"><div class=\"wonderplugin-gridgallery-item\" data-row=\"1\" data-col=\"1\"><div class=\"wonderplugin-gridgallery-item-container\"><a class=\"wpgridlightbox wpgridlightbox-8\" data-thumbnail=\"https:\/\/basiaijafundacja.org\/wp-content\/uploads\/2023\/10\/IMG_5229-1024x768.jpg\" data-wpggroup=\"wpgridgallery-8\" href=\"https:\/\/basiaijafundacja.org\/wp-content\/uploads\/2023\/10\/IMG_5229-scaled.jpg\" data-title=\"IMG_5229\"><img decoding=\"async\" class=\"wonderplugin-gridgallery-item-img\" alt=\"IMG_5229\" src=\"https:\/\/basiaijafundacja.org\/wp-content\/uploads\/2023\/10\/IMG_5229-1024x768.jpg\" \/><\/a><\/div><div class=\"wonderplugin-gridgallery-item-text\"><div class=\"wonderplugin-gridgallery-item-wrapper\"><div class=\"wonderplugin-gridgallery-item-socialmedia\"><\/div>\n<div class=\"wonderplugin-gridgallery-item-title\">IMG_5229<\/div>\n<div class=\"wonderplugin-gridgallery-item-description\"><\/div>\n<div class=\"wonderplugin-gridgallery-item-button\"><\/div><\/div><\/div><\/div><div class=\"wonderplugin-gridgallery-item\" data-row=\"1\" data-col=\"1\"><div class=\"wonderplugin-gridgallery-item-container\"><a class=\"wpgridlightbox wpgridlightbox-8\" data-thumbnail=\"https:\/\/basiaijafundacja.org\/wp-content\/uploads\/2023\/10\/IMG_5230-1024x768.jpg\" data-wpggroup=\"wpgridgallery-8\" href=\"https:\/\/basiaijafundacja.org\/wp-content\/uploads\/2023\/10\/IMG_5230-scaled.jpg\" data-title=\"IMG_5230\"><img decoding=\"async\" class=\"wonderplugin-gridgallery-item-img\" alt=\"IMG_5230\" src=\"https:\/\/basiaijafundacja.org\/wp-content\/uploads\/2023\/10\/IMG_5230-1024x768.jpg\" \/><\/a><\/div><div class=\"wonderplugin-gridgallery-item-text\"><div class=\"wonderplugin-gridgallery-item-wrapper\"><div class=\"wonderplugin-gridgallery-item-socialmedia\"><\/div>\n<div class=\"wonderplugin-gridgallery-item-title\">IMG_5230<\/div>\n<div class=\"wonderplugin-gridgallery-item-description\"><\/div>\n<div class=\"wonderplugin-gridgallery-item-button\"><\/div><\/div><\/div><\/div><div class=\"wonderplugin-gridgallery-item\" data-row=\"1\" data-col=\"1\"><div class=\"wonderplugin-gridgallery-item-container\"><a class=\"wpgridlightbox wpgridlightbox-8\" data-thumbnail=\"https:\/\/basiaijafundacja.org\/wp-content\/uploads\/2023\/10\/IMG_5231-1024x768.jpg\" data-wpggroup=\"wpgridgallery-8\" href=\"https:\/\/basiaijafundacja.org\/wp-content\/uploads\/2023\/10\/IMG_5231-scaled.jpg\" data-title=\"IMG_5231\"><img decoding=\"async\" class=\"wonderplugin-gridgallery-item-img\" alt=\"IMG_5231\" src=\"https:\/\/basiaijafundacja.org\/wp-content\/uploads\/2023\/10\/IMG_5231-1024x768.jpg\" \/><\/a><\/div><div class=\"wonderplugin-gridgallery-item-text\"><div class=\"wonderplugin-gridgallery-item-wrapper\"><div class=\"wonderplugin-gridgallery-item-socialmedia\"><\/div>\n<div class=\"wonderplugin-gridgallery-item-title\">IMG_5231<\/div>\n<div class=\"wonderplugin-gridgallery-item-description\"><\/div>\n<div class=\"wonderplugin-gridgallery-item-button\"><\/div><\/div><\/div><\/div><div class=\"wonderplugin-gridgallery-item\" data-row=\"1\" data-col=\"1\"><div class=\"wonderplugin-gridgallery-item-container\"><a class=\"wpgridlightbox wpgridlightbox-8\" data-thumbnail=\"https:\/\/basiaijafundacja.org\/wp-content\/uploads\/2023\/10\/IMG_5232-1024x768.jpg\" data-wpggroup=\"wpgridgallery-8\" href=\"https:\/\/basiaijafundacja.org\/wp-content\/uploads\/2023\/10\/IMG_5232-scaled.jpg\" data-title=\"IMG_5232\"><img decoding=\"async\" class=\"wonderplugin-gridgallery-item-img\" alt=\"IMG_5232\" src=\"https:\/\/basiaijafundacja.org\/wp-content\/uploads\/2023\/10\/IMG_5232-1024x768.jpg\" \/><\/a><\/div><div class=\"wonderplugin-gridgallery-item-text\"><div class=\"wonderplugin-gridgallery-item-wrapper\"><div class=\"wonderplugin-gridgallery-item-socialmedia\"><\/div>\n<div class=\"wonderplugin-gridgallery-item-title\">IMG_5232<\/div>\n<div class=\"wonderplugin-gridgallery-item-description\"><\/div>\n<div class=\"wonderplugin-gridgallery-item-button\"><\/div><\/div><\/div><\/div><div class=\"wonderplugin-gridgallery-item\" data-row=\"1\" data-col=\"1\"><div class=\"wonderplugin-gridgallery-item-container\"><a class=\"wpgridlightbox wpgridlightbox-8\" data-thumbnail=\"https:\/\/basiaijafundacja.org\/wp-content\/uploads\/2023\/10\/IMG_5233-1024x768.jpg\" data-wpggroup=\"wpgridgallery-8\" href=\"https:\/\/basiaijafundacja.org\/wp-content\/uploads\/2023\/10\/IMG_5233-scaled.jpg\" data-title=\"IMG_5233\"><img decoding=\"async\" class=\"wonderplugin-gridgallery-item-img\" alt=\"IMG_5233\" src=\"https:\/\/basiaijafundacja.org\/wp-content\/uploads\/2023\/10\/IMG_5233-1024x768.jpg\" \/><\/a><\/div><div class=\"wonderplugin-gridgallery-item-text\"><div class=\"wonderplugin-gridgallery-item-wrapper\"><div class=\"wonderplugin-gridgallery-item-socialmedia\"><\/div>\n<div class=\"wonderplugin-gridgallery-item-title\">IMG_5233<\/div>\n<div class=\"wonderplugin-gridgallery-item-description\"><\/div>\n<div class=\"wonderplugin-gridgallery-item-button\"><\/div><\/div><\/div><\/div><div class=\"wonderplugin-gridgallery-item\" data-row=\"1\" data-col=\"1\"><div class=\"wonderplugin-gridgallery-item-container\"><a class=\"wpgridlightbox wpgridlightbox-8\" data-thumbnail=\"https:\/\/basiaijafundacja.org\/wp-content\/uploads\/2023\/10\/IMG_5234-1024x768.jpg\" data-wpggroup=\"wpgridgallery-8\" href=\"https:\/\/basiaijafundacja.org\/wp-content\/uploads\/2023\/10\/IMG_5234-scaled.jpg\" data-title=\"IMG_5234\"><img decoding=\"async\" class=\"wonderplugin-gridgallery-item-img\" alt=\"IMG_5234\" src=\"https:\/\/basiaijafundacja.org\/wp-content\/uploads\/2023\/10\/IMG_5234-1024x768.jpg\" \/><\/a><\/div><div class=\"wonderplugin-gridgallery-item-text\"><div class=\"wonderplugin-gridgallery-item-wrapper\"><div class=\"wonderplugin-gridgallery-item-socialmedia\"><\/div>\n<div class=\"wonderplugin-gridgallery-item-title\">IMG_5234<\/div>\n<div class=\"wonderplugin-gridgallery-item-description\"><\/div>\n<div class=\"wonderplugin-gridgallery-item-button\"><\/div><\/div><\/div><\/div><div class=\"wonderplugin-gridgallery-item\" data-row=\"1\" data-col=\"1\"><div class=\"wonderplugin-gridgallery-item-container\"><a class=\"wpgridlightbox wpgridlightbox-8\" data-thumbnail=\"https:\/\/basiaijafundacja.org\/wp-content\/uploads\/2023\/10\/IMG_5236-1024x768.jpg\" data-wpggroup=\"wpgridgallery-8\" href=\"https:\/\/basiaijafundacja.org\/wp-content\/uploads\/2023\/10\/IMG_5236-scaled.jpg\" data-title=\"IMG_5236\"><img decoding=\"async\" class=\"wonderplugin-gridgallery-item-img\" alt=\"IMG_5236\" src=\"https:\/\/basiaijafundacja.org\/wp-content\/uploads\/2023\/10\/IMG_5236-1024x768.jpg\" \/><\/a><\/div><div class=\"wonderplugin-gridgallery-item-text\"><div class=\"wonderplugin-gridgallery-item-wrapper\"><div class=\"wonderplugin-gridgallery-item-socialmedia\"><\/div>\n<div class=\"wonderplugin-gridgallery-item-title\">IMG_5236<\/div>\n<div class=\"wonderplugin-gridgallery-item-description\"><\/div>\n<div class=\"wonderplugin-gridgallery-item-button\"><\/div><\/div><\/div><\/div><div class=\"wonderplugin-gridgallery-item\" data-row=\"1\" data-col=\"1\"><div class=\"wonderplugin-gridgallery-item-container\"><a class=\"wpgridlightbox wpgridlightbox-8\" data-thumbnail=\"https:\/\/basiaijafundacja.org\/wp-content\/uploads\/2023\/10\/IMG_5239-1024x768.jpg\" data-wpggroup=\"wpgridgallery-8\" href=\"https:\/\/basiaijafundacja.org\/wp-content\/uploads\/2023\/10\/IMG_5239-scaled.jpg\" data-title=\"IMG_5239\"><img decoding=\"async\" class=\"wonderplugin-gridgallery-item-img\" alt=\"IMG_5239\" src=\"https:\/\/basiaijafundacja.org\/wp-content\/uploads\/2023\/10\/IMG_5239-1024x768.jpg\" \/><\/a><\/div><div class=\"wonderplugin-gridgallery-item-text\"><div class=\"wonderplugin-gridgallery-item-wrapper\"><div class=\"wonderplugin-gridgallery-item-socialmedia\"><\/div>\n<div class=\"wonderplugin-gridgallery-item-title\">IMG_5239<\/div>\n<div class=\"wonderplugin-gridgallery-item-description\"><\/div>\n<div class=\"wonderplugin-gridgallery-item-button\"><\/div><\/div><\/div><\/div><div class=\"wonderplugin-gridgallery-item\" data-row=\"1\" data-col=\"1\"><div class=\"wonderplugin-gridgallery-item-container\"><a class=\"wpgridlightbox wpgridlightbox-8\" data-thumbnail=\"https:\/\/basiaijafundacja.org\/wp-content\/uploads\/2023\/10\/IMG_5241-1024x768.jpg\" data-wpggroup=\"wpgridgallery-8\" href=\"https:\/\/basiaijafundacja.org\/wp-content\/uploads\/2023\/10\/IMG_5241-scaled.jpg\" data-title=\"IMG_5241\"><img decoding=\"async\" class=\"wonderplugin-gridgallery-item-img\" alt=\"IMG_5241\" src=\"https:\/\/basiaijafundacja.org\/wp-content\/uploads\/2023\/10\/IMG_5241-1024x768.jpg\" \/><\/a><\/div><div class=\"wonderplugin-gridgallery-item-text\"><div class=\"wonderplugin-gridgallery-item-wrapper\"><div class=\"wonderplugin-gridgallery-item-socialmedia\"><\/div>\n<div class=\"wonderplugin-gridgallery-item-title\">IMG_5241<\/div>\n<div class=\"wonderplugin-gridgallery-item-description\"><\/div>\n<div class=\"wonderplugin-gridgallery-item-button\"><\/div><\/div><\/div><\/div><div style=\"clear:both;\"><\/div><\/div><div style=\"clear:both;\"><\/div><\/div><script>function wpgridgallery_8_appendcss(csscode) {var head=document.head || document.getElementsByTagName(\"head\")[0];var style=document.createElement(\"style\");head.appendChild(style);style.type=\"text\/css\";if (style.styleSheet){style.styleSheet.cssText=csscode;} else {style.appendChild(document.createTextNode(csscode));}};wpgridgallery_8_appendcss(\"#wonderplugingridgallery-8 .wonderplugin-gridgallery-item-text {     background-color: rgba(51, 51, 51, 0.5);     color: #fff;     text-align: center;     font: 14px Open Sans, Arial, Helvetica, sans-serif;     padding: 8px 0px;     position: absolute;     left: 0px;     bottom: 0px;     width: 100%;     box-sizing: border-box;     -webkit-box-sizing: border-box;     -moz-box-sizing: border-box; }  #wonderplugingridgallery-8 .wonderplugin-gridgallery-item-title {     font-size: 14px; }  #wonderplugingridgallery-8 .wonderplugin-gridgallery-item-description {     font-size: 12px; }  #wonderplugingridgallery-8 .wonderplugin-gridgallery-item-button { }  #wonderplugingridgallery-8 .wonderplugin-gridgallery-item-caption {     font: 14px Open Sans, Arial, Helvetica, sans-serif;     text-align: center;    color: #333; }  #wonderplugingridgallery-8 .wonderplugin-gridgallery-item-caption-title {     font-size: 14px; }  #wonderplugingridgallery-8 .wonderplugin-gridgallery-item-caption-description {     font-size: 12px; }  .wpgridgallery-socialmedia-button { \tdisplay: inline-block; \tmargin: 4px; }  .wpgridgallery-socialmedia-button a { \tbox-shadow: none; }  .wpgridgallery-socialmedia-icon { \tdisplay:table-cell; \twidth:32px; \theight:32px; \tfont-size:18px; \tborder-radius:50%; \tcolor:#fff; \tvertical-align:middle; \ttext-align:center; \tcursor:pointer; \tpadding:0; }  .wpgridgallery-socialmedia-rotate { \ttransition: transform .4s ease-in;  }   .wpgridgallery-socialmedia-rotate:hover {  \ttransform: rotate(360deg);  }\");wpgridgallery_8_appendcss(\"#wonderplugingridgallery-8 .wpp-category-greybutton .wonderplugin-gridgallery-tag { \tborder: none; \tbackground: #666; \tcolor: #fff;   \tpadding: 6px 12px; \tfont-size: 12px; \tfont-weight: normal; \t   \tfont-family: \\\"Lucida Sans Unicode\\\",\\\"Lucida Grande\\\",sans-serif,Arial;   \tbox-sizing: border-box;    \tcursor: pointer;   \ttext-align: center;   \ttext-decoration: none;   \ttext-shadow: none;   \ttext-transform: none;   \twhite-space: nowrap;   \t-webkit-font-smoothing: antialiased;   \tborder-radius: 2px;   \ttransition: background-color 0.3s ease; }  #wonderplugingridgallery-8 .wpp-category-greybutton .wonderplugin-gridgallery-tag:hover, #wonderplugingridgallery-8 .wpp-category-greybutton .wonderplugin-gridgallery-tag:focus { \tborder: none; \tbackground: #999; \tcolor: #fff; }  #wonderplugingridgallery-8 .wpp-category-greybutton .wonderplugin-gridgallery-tag-selected, #wonderplugingridgallery-8 .wpp-category-greybutton .wonderplugin-gridgallery-tag-selected:hover, #wonderplugingridgallery-8 .wpp-category-greybutton .wonderplugin-gridgallery-tag-selected:focus { \tborder: none; \tbackground: #f3b200; \tcolor: #fff; }\");<\/script>\n","protected":false},"excerpt":{"rendered":"<p>Momente der Bewunderung und Freude &#8211; genau diese Gef\u00fchle begleiteten die Kinder w\u00e4hrend der Flugshows an der Manom Schule in Frankreich im Jahr 2021. Diese Fotos haben einzigartige Augenblicke eingefangen, als junge Augen sich in Staunen weiteten und Gesichter in Bewunderung strahlten. Die konzentriert versammelten Kinder beobachteten die Fl\u00fcge von Flugzeugmodellen, die mit Anmut den [&hellip;]<\/p>\n","protected":false},"author":1,"featured_media":0,"parent":2038,"menu_order":0,"comment_status":"closed","ping_status":"closed","template":"","meta":{"_monsterinsights_skip_tracking":false,"_monsterinsights_sitenote_active":false,"_monsterinsights_sitenote_note":"","_monsterinsights_sitenote_category":0,"footnotes":""},"class_list":["post-2048","page","type-page","status-publish","hentry"],"acf":[],"aioseo_notices":[],"_links":{"self":[{"href":"https:\/\/basiaijafundacja.org\/de\/wp-json\/wp\/v2\/pages\/2048","targetHints":{"allow":["GET"]}}],"collection":[{"href":"https:\/\/basiaijafundacja.org\/de\/wp-json\/wp\/v2\/pages"}],"about":[{"href":"https:\/\/basiaijafundacja.org\/de\/wp-json\/wp\/v2\/types\/page"}],"author":[{"embeddable":true,"href":"https:\/\/basiaijafundacja.org\/de\/wp-json\/wp\/v2\/users\/1"}],"replies":[{"embeddable":true,"href":"https:\/\/basiaijafundacja.org\/de\/wp-json\/wp\/v2\/comments?post=2048"}],"version-history":[{"count":1,"href":"https:\/\/basiaijafundacja.org\/de\/wp-json\/wp\/v2\/pages\/2048\/revisions"}],"predecessor-version":[{"id":2229,"href":"https:\/\/basiaijafundacja.org\/de\/wp-json\/wp\/v2\/pages\/2048\/revisions\/2229"}],"up":[{"embeddable":true,"href":"https:\/\/basiaijafundacja.org\/de\/wp-json\/wp\/v2\/pages\/2038"}],"wp:attachment":[{"href":"https:\/\/basiaijafundacja.org\/de\/wp-json\/wp\/v2\/media?parent=2048"}],"curies":[{"name":"wp","href":"https:\/\/api.w.org\/{rel}","templated":true}]}}